{"id":12460,"date":"2025-05-17T09:51:46","date_gmt":"2025-05-17T09:51:46","guid":{"rendered":"https:\/\/saigonanamore.com\/?page_id=12460"},"modified":"2025-05-17T09:51:46","modified_gmt":"2025-05-17T09:51:46","slug":"dieu-khoan-dich-vu","status":"publish","type":"page","link":"https:\/\/anamorespa.com\/en\/dieu-khoan-dich-vu\/","title":{"rendered":"\u0110i\u1ec1u kho\u1ea3n D\u1ecbch v\u1ee5"},"content":{"rendered":"<section class=\"gsbp-c0c5d3a alignfull\">\n<div class=\"gsbp-5aa54ba\">\n<div>Khi s\u1eed d\u1ee5ng d\u1ecbch v\u1ee5 t\u1ea1i <strong>Anamore Spa &amp; Soul<\/strong>, b\u1ea1n \u0111\u1ed3ng \u00fd tu\u00e2n th\u1ee7 c\u00e1c \u0111i\u1ec1u kho\u1ea3n d\u01b0\u1edbi \u0111\u00e2y. Ch\u00fang t\u00f4i khuy\u1ebfn kh\u00edch b\u1ea1n \u0111\u1ecdc k\u1ef9 \u0111\u1ec3 \u0111\u1ea3m b\u1ea3o quy\u1ec1n l\u1ee3i v\u00e0 s\u1ef1 h\u00e0i l\u00f2ng trong su\u1ed1t qu\u00e1 tr\u00ecnh tr\u1ea3i nghi\u1ec7m.<\/div>\n\n\n\n<div>\n<h2><strong>1. Ti\u1ebfp nh\u1eadn &amp; s\u1eed d\u1ee5ng d\u1ecbch v\u1ee5<\/strong><\/h2>\n\n\n\n<ul>\n<li>D\u1ecbch v\u1ee5 t\u1ea1i Anamore \u0111\u01b0\u1ee3c cung c\u1ea5p cho kh\u00e1ch h\u00e0ng tr\u00ean c\u01a1 s\u1edf l\u1ecbch h\u1eb9n v\u00e0\/ho\u1eb7c \u0111\u1ebfn tr\u1ef1c ti\u1ebfp t\u00f9y theo t\u00ecnh tr\u1ea1ng ti\u1ebfp nh\u1eadn.<\/li>\n\n\n\n<li>M\u1ed9t s\u1ed1 li\u1ec7u tr\u00ecnh c\u00f3 th\u1ec3 y\u00eau c\u1ea7u t\u01b0 v\u1ea5n tr\u01b0\u1edbc nh\u1eb1m \u0111\u1ea3m b\u1ea3o an to\u00e0n v\u00e0 hi\u1ec7u qu\u1ea3.<\/li>\n\n\n\n<li>Qu\u00fd kh\u00e1ch vui l\u00f2ng cung c\u1ea5p th\u00f4ng tin c\u00e1 nh\u00e2n v\u00e0 t\u00ecnh tr\u1ea1ng da\/s\u1ee9c kh\u1ecfe trung th\u1ef1c \u0111\u1ec3 Anamore c\u00f3 th\u1ec3 thi\u1ebft k\u1ebf d\u1ecbch v\u1ee5 ph\u00f9 h\u1ee3p nh\u1ea5t.<\/li>\n<\/ul>\n<\/div>\n\n\n\n<div>\n<h2><strong><strong>2. Thay \u0111\u1ed5i \u2013 H\u1ee7y l\u1ecbch \u2013 \u0110\u1ebfn tr\u1ec5<\/strong><\/strong><\/h2>\n\n\n\n<ul>\n<li>N\u1ebfu c\u1ea7n thay \u0111\u1ed5i ho\u1eb7c h\u1ee7y l\u1ecbch h\u1eb9n, vui l\u00f2ng th\u00f4ng b\u00e1o cho ch\u00fang t\u00f4i <strong>\u00edt nh\u1ea5t 4 gi\u1edd tr\u01b0\u1edbc gi\u1edd h\u1eb9n<\/strong>.<\/li>\n\n\n\n<li>Tr\u01b0\u1eddng h\u1ee3p \u0111\u1ebfn tr\u1ec5 qu\u00e1 15 ph\u00fat, ch\u00fang t\u00f4i c\u00f3 th\u1ec3 r\u00fat ng\u1eafn th\u1eddi l\u01b0\u1ee3ng li\u1ec7u tr\u00ecnh ho\u1eb7c chuy\u1ec3n l\u1ecbch sang th\u1eddi \u0111i\u1ec3m kh\u00e1c n\u1ebfu kh\u00f4ng c\u00f2n khung gi\u1edd tr\u1ed1ng.<\/li>\n\n\n\n<li>Tr\u01b0\u1eddng h\u1ee3p kh\u00e1ch h\u00e0ng v\u1eafng m\u1eb7t m\u00e0 kh\u00f4ng b\u00e1o tr\u01b0\u1edbc, Anamore c\u00f3 quy\u1ec1n t\u1eeb ch\u1ed1i \u0111\u1eb7t l\u1ecbch trong t\u01b0\u01a1ng lai ho\u1eb7c thu ph\u00ed gi\u1eef l\u1ecbch (n\u1ebfu c\u00f3).<\/li>\n<\/ul>\n<\/div>\n\n\n\n<div>\n<h2><strong><strong><strong>3. Quy \u0111\u1ecbnh thanh to\u00e1n<\/strong><\/strong><\/strong><\/h2>\n\n\n\n<ul>\n<li>Qu\u00fd kh\u00e1ch c\u00f3 th\u1ec3 thanh to\u00e1n b\u1eb1ng ti\u1ec1n m\u1eb7t, chuy\u1ec3n kho\u1ea3n, ho\u1eb7c qua c\u00e1c h\u00ecnh th\u1ee9c \u0111i\u1ec7n t\u1eed kh\u00e1c (tu\u1ef3 v\u00e0o t\u1eebng th\u1eddi \u0111i\u1ec3m h\u1ed7 tr\u1ee3).<\/li>\n\n\n\n<li>C\u00e1c ch\u01b0\u01a1ng tr\u00ecnh \u01b0u \u0111\u00e3i, th\u1ebb qu\u00e0 t\u1eb7ng ho\u1eb7c m\u00e3 khuy\u1ebfn m\u00e3i <strong>kh\u00f4ng \u0111\u01b0\u1ee3c quy \u0111\u1ed5i th\u00e0nh ti\u1ec1n m\u1eb7t<\/strong> v\u00e0 c\u00f3 th\u1eddi h\u1ea1n s\u1eed d\u1ee5ng c\u1ee5 th\u1ec3.<\/li>\n\n\n\n<li>T\u1ea5t c\u1ea3 gi\u00e1 d\u1ecbch v\u1ee5 \u0111\u1ec1u \u0111\u01b0\u1ee3c ni\u00eam y\u1ebft c\u00f4ng khai. N\u1ebfu c\u00f3 thay \u0111\u1ed5i, ch\u00fang t\u00f4i s\u1ebd th\u00f4ng b\u00e1o tr\u01b0\u1edbc.<\/li>\n<\/ul>\n<\/div>\n\n\n\n<div>\n<h2><strong><strong><strong><strong>4. Ch\u00ednh s\u00e1ch ho\u00e0n ti\u1ec1n<\/strong><\/strong><\/strong><\/strong><\/h2>\n\n\n\n<ul>\n<li>Anamore <strong>kh\u00f4ng ho\u00e0n ti\u1ec1n<\/strong> cho c\u00e1c g\u00f3i d\u1ecbch v\u1ee5 \u0111\u00e3 s\u1eed d\u1ee5ng ho\u1eb7c \u0111\u00e3 \u0111\u1eb7t l\u1ecbch (tr\u1eeb khi do l\u1ed7i t\u1eeb ph\u00eda ch\u00fang t\u00f4i ho\u1eb7c l\u00fd do \u0111\u1eb7c bi\u1ec7t \u0111\u01b0\u1ee3c x\u00e9t duy\u1ec7t).<\/li>\n\n\n\n<li>Trong tr\u01b0\u1eddng h\u1ee3p kh\u00e1ch h\u00e0ng g\u1eb7p ph\u1ea3n \u1ee9ng kh\u00f4ng mong mu\u1ed1n sau tr\u1ecb li\u1ec7u, vui l\u00f2ng li\u00ean h\u1ec7 \u0111\u1ed9i ng\u0169 chuy\u00ean m\u00f4n c\u1ee7a Anamore \u0111\u1ec3 \u0111\u01b0\u1ee3c h\u1ed7 tr\u1ee3 k\u1ecbp th\u1eddi. Ch\u00fang t\u00f4i s\u1ebd xem x\u00e9t t\u1eebng tr\u01b0\u1eddng h\u1ee3p c\u1ee5 th\u1ec3 v\u00e0 c\u00f3 ch\u00ednh s\u00e1ch x\u1eed l\u00fd ph\u00f9 h\u1ee3p.<\/li>\n<\/ul>\n<\/div>\n\n\n\n<div>\n<h2><strong><strong><strong><strong><strong>5. Tr\u00e1ch nhi\u1ec7m &amp; gi\u1edbi h\u1ea1n<\/strong><\/strong><\/strong><\/strong><\/strong><\/h2>\n\n\n\n<ul>\n<li>Anamore cam k\u1ebft s\u1eed d\u1ee5ng s\u1ea3n ph\u1ea9m ch\u00ednh h\u00e3ng v\u00e0 quy tr\u00ecnh tr\u1ecb li\u1ec7u an to\u00e0n.<\/li>\n\n\n\n<li>Tuy nhi\u00ean, ch\u00fang t\u00f4i <strong>kh\u00f4ng ch\u1ecbu tr\u00e1ch nhi\u1ec7m<\/strong> n\u1ebfu x\u1ea3y ra ph\u1ea3n \u1ee9ng kh\u00f4ng mong mu\u1ed1n do kh\u00e1ch h\u00e0ng cung c\u1ea5p sai th\u00f4ng tin, kh\u00f4ng tu\u00e2n th\u1ee7 h\u01b0\u1edbng d\u1eabn ch\u0103m s\u00f3c, ho\u1eb7c c\u00f3 c\u00e1c v\u1ea5n \u0111\u1ec1 da li\u1ec5u\/ s\u1ee9c kh\u1ecfe ti\u1ec1m \u1ea9n kh\u00f4ng \u0111\u01b0\u1ee3c khai b\u00e1o.<\/li>\n\n\n\n<li>Kh\u00e1ch h\u00e0ng d\u01b0\u1edbi 16 tu\u1ed5i n\u00ean c\u00f3 s\u1ef1 \u0111\u1ed3ng \u00fd t\u1eeb ph\u1ee5 huynh ho\u1eb7c ng\u01b0\u1eddi gi\u00e1m h\u1ed9 khi s\u1eed d\u1ee5ng d\u1ecbch v\u1ee5.<\/li>\n<\/ul>\n<\/div>\n\n\n\n<div>\n<h2><strong><strong><strong><strong><strong><strong>6. Quy\u1ec1n thay \u0111\u1ed5i \u0111i\u1ec1u kho\u1ea3n<\/strong><\/strong><\/strong><\/strong><\/strong><\/strong><\/h2>\n\n\n\n<ul>\n<li>Anamore c\u00f3 quy\u1ec1n \u0111i\u1ec1u ch\u1ec9nh, c\u1eadp nh\u1eadt \u0110i\u1ec1u Kho\u1ea3n D\u1ecbch V\u1ee5 b\u1ea5t k\u1ef3 l\u00fac n\u00e0o \u0111\u1ec3 ph\u00f9 h\u1ee3p v\u1edbi quy \u0111\u1ecbnh ph\u00e1p lu\u1eadt v\u00e0 \u0111\u1ecbnh h\u01b0\u1edbng v\u1eadn h\u00e0nh. C\u00e1c thay \u0111\u1ed5i s\u1ebd \u0111\u01b0\u1ee3c c\u00f4ng b\u1ed1 tr\u00ean website v\u00e0\/ho\u1eb7c th\u00f4ng b\u00e1o tr\u1ef1c ti\u1ebfp n\u1ebfu c\u1ea7n thi\u1ebft.<\/li>\n\n\n\n<li>Vi\u1ec7c ti\u1ebfp t\u1ee5c s\u1eed d\u1ee5ng d\u1ecbch v\u1ee5 sau khi \u0111i\u1ec1u kho\u1ea3n thay \u0111\u1ed5i \u0111\u1ed3ng ngh\u0129a v\u1edbi vi\u1ec7c b\u1ea1n \u0111\u00e3 \u0111\u1ed3ng \u00fd v\u1edbi n\u1ed9i dung m\u1edbi c\u1eadp nh\u1eadt.<\/li>\n<\/ul>\n<\/div>\n\n\n\n<div>\n<h2><strong><strong><strong><strong><strong><strong><strong>7. Li\u00ean h\u1ec7 h\u1ed7 tr\u1ee3<\/strong><\/strong><\/strong><\/strong><\/strong><\/strong><\/strong><\/h2>\n\n\n\n<div>N\u1ebfu b\u1ea1n c\u00f3 b\u1ea5t k\u1ef3 th\u1eafc m\u1eafc, g\u00f3p \u00fd ho\u1eb7c khi\u1ebfu n\u1ea1i li\u00ean quan \u0111\u1ebfn tr\u1ea3i nghi\u1ec7m d\u1ecbch v\u1ee5, xin vui l\u00f2ng li\u00ean h\u1ec7:<br>\ud83d\udce7 <strong>Email:<\/strong> <a>admin@anamore.vn<\/a><br>\ud83d\udcde <strong>Hotline:<\/strong> <a href=\"tel: 0856 039 768\">0826 887 088<\/a><br>\ud83c\udfe0 <strong>\u0110\u1ecba ch\u1ec9:<\/strong> 781\/D10 L\u00ea H\u1ed3ng Phong, P.12, Q.10, TP.HCM<\/div>\n<\/div>\n<\/div>\n<\/section>\n\n\n\n<div class=\"gsbp-6431cf8\"><strong>Anamore Spa &amp; Soul<\/strong><br><em><em>T\u1eadn t\u00e2m trong t\u1eebng tr\u1ea3i nghi\u1ec7m \u2013 Tr\u00e1ch nhi\u1ec7m v\u1edbi t\u1eebng kh\u00e1ch h\u00e0ng.<\/em><\/em><\/div>\n\n\n\n<p><\/p>","protected":false},"excerpt":{"rendered":"","protected":false},"author":1,"featured_media":0,"parent":0,"menu_order":0,"comment_status":"closed","ping_status":"closed","template":"","meta":{"_acf_changed":false,"_gspb_post_css":".gsbp-c0c5d3a{display:flex;justify-content:center;flex-direction:column;align-items:center;padding-right:var(--wp--custom--spacing--side, min(3vw, 20px));padding-left:var(--wp--custom--spacing--side, min(3vw, 20px));margin-top:0;margin-bottom:0;position:relative}.gsbp-5aa54ba{max-width:100%;width:var(--wp--style--global--wide-size, 1200px)}.gsbp-6431cf8{text-align:center;color:var(--wp--preset--color--primary, #01706e);font-size:var(--wp--preset--font-size--m, 1.35rem);line-height:var(--wp--custom--line-height--m, 2.1rem);font-family:PlayfairDisplay}","footnotes":""},"class_list":["post-12460","page","type-page","status-publish","hentry"],"acf":[],"_links":{"self":[{"href":"https:\/\/anamorespa.com\/en\/wp-json\/wp\/v2\/pages\/12460","targetHints":{"allow":["GET"]}}],"collection":[{"href":"https:\/\/anamorespa.com\/en\/wp-json\/wp\/v2\/pages"}],"about":[{"href":"https:\/\/anamorespa.com\/en\/wp-json\/wp\/v2\/types\/page"}],"author":[{"embeddable":true,"href":"https:\/\/anamorespa.com\/en\/wp-json\/wp\/v2\/users\/1"}],"replies":[{"embeddable":true,"href":"https:\/\/anamorespa.com\/en\/wp-json\/wp\/v2\/comments?post=12460"}],"version-history":[{"count":1,"href":"https:\/\/anamorespa.com\/en\/wp-json\/wp\/v2\/pages\/12460\/revisions"}],"predecessor-version":[{"id":12461,"href":"https:\/\/anamorespa.com\/en\/wp-json\/wp\/v2\/pages\/12460\/revisions\/12461"}],"wp:attachment":[{"href":"https:\/\/anamorespa.com\/en\/wp-json\/wp\/v2\/media?parent=12460"}],"curies":[{"name":"wp","href":"https:\/\/api.w.org\/{rel}","templated":true}]}}