{"id":3,"date":"2025-03-19T05:07:29","date_gmt":"2025-03-19T05:07:29","guid":{"rendered":"https:\/\/saigonanamore.com\/?page_id=3"},"modified":"2025-05-17T09:25:57","modified_gmt":"2025-05-17T09:25:57","slug":"privacy-policy","status":"publish","type":"page","link":"https:\/\/anamorespa.com\/en\/privacy-policy\/","title":{"rendered":"B\u1ea3o m\u1eadt th\u00f4ng tin"},"content":{"rendered":"<section class=\"gsbp-ac6fe57 alignfull\">\n<div class=\"gsbp-599b9e3\">\n<div class=\"gsbp-5f6ee83\">T\u1ea1i <strong>Anamore Spa &amp; Soul<\/strong>, s\u1ef1 ri\u00eang t\u01b0 v\u00e0 tr\u1ea3i nghi\u1ec7m c\u1ee7a b\u1ea1n lu\u00f4n \u0111\u01b0\u1ee3c \u0111\u1eb7t l\u00ean h\u00e0ng \u0111\u1ea7u. Ch\u00fang t\u00f4i cam k\u1ebft b\u1ea3o v\u1ec7 m\u1ecdi th\u00f4ng tin c\u00e1 nh\u00e2n c\u1ee7a b\u1ea1n v\u00e0 \u0111\u1ea3m b\u1ea3o b\u1ea1n lu\u00f4n an t\u00e2m khi \u0111\u1ed3ng h\u00e0nh c\u00f9ng Anamore.<\/div>\n\n\n\n<div class=\"gsbp-ba1da16\">1<strong>. Ch\u00fang t\u00f4i thu th\u1eadp nh\u1eefng th\u00f4ng tin n\u00e0o?<\/strong><br>\ud83d\udccc <strong>Th\u00f4ng tin b\u1ea1n cung c\u1ea5p:<\/strong><br>H\u1ecd t\u00ean, s\u1ed1 \u0111i\u1ec7n tho\u1ea1i, email<br>Ng\u00e0y sinh (\u0111\u1ec3 g\u1eedi \u01b0u \u0111\u00e3i sinh nh\u1eadt &amp; c\u00e1 nh\u00e2n h\u00f3a d\u1ecbch v\u1ee5)<br>V\u1ea5n \u0111\u1ec1 da\/s\u1ee9c kh\u1ecfe li\u00ean quan \u0111\u1ebfn li\u1ec7u tr\u00ecnh<br>Ph\u1ea3n h\u1ed3i kh\u1ea3o s\u00e1t v\u00e0 trao \u0111\u1ed5i t\u1eeb b\u1ea1n<br>\ud83d\udccc <strong>Th\u00f4ng tin t\u1ef1 \u0111\u1ed9ng ghi nh\u1eadn:<\/strong><br>IP, lo\u1ea1i thi\u1ebft b\u1ecb truy c\u1eadp<br>H\u00e0nh vi duy\u1ec7t website (cookies, th\u1eddi l\u01b0\u1ee3ng truy c\u1eadp&#8230;)<br>L\u1ecbch s\u1eed \u0111\u1eb7t l\u1ecbch, li\u1ec7u tr\u00ecnh \u0111\u00e3 s\u1eed d\u1ee5ng<br>\ud83d\udccc <strong>Th\u00f4ng tin t\u1eeb b\u00ean th\u1ee9 ba:<\/strong><br>M\u1ea1ng x\u00e3 h\u1ed9i khi b\u1ea1n t\u01b0\u01a1ng t\u00e1c v\u1edbi Anamore<br>\u0110\u1ed1i t\u00e1c gi\u1edbi thi\u1ec7u, ch\u01b0\u01a1ng tr\u00ecnh Affiliate<\/div>\n\n\n\n<div class=\"gsbp-1f62ffa\"><strong>2. Th\u00f4ng tin \u0111\u01b0\u1ee3c s\u1eed d\u1ee5ng \u0111\u1ec3 l\u00e0m g\u00ec?<\/strong><br>Ch\u00fang t\u00f4i s\u1eed d\u1ee5ng th\u00f4ng tin c\u1ee7a b\u1ea1n \u0111\u1ec3:<br>\u2705 \u0110\u1eb7t v\u00e0 qu\u1ea3n l\u00fd l\u1ecbch h\u1eb9n<br>\u2705 C\u00e1 nh\u00e2n h\u00f3a tr\u1ea3i nghi\u1ec7m ch\u0103m s\u00f3c da \u2013 tr\u1ecb li\u1ec7u<br>\u2705 G\u1eedi \u01b0u \u0111\u00e3i, nh\u1eafc l\u1ecbch, ch\u0103m s\u00f3c sau d\u1ecbch v\u1ee5<br>\u2705 N\u00e2ng c\u1ea5p ch\u1ea5t l\u01b0\u1ee3ng d\u1ecbch v\u1ee5 \u2013 n\u1ed9i dung truy\u1ec1n th\u00f4ng<br>\u2705 Th\u1ef1c hi\u1ec7n c\u00e1c ngh\u0129a v\u1ee5 ph\u00e1p l\u00fd (n\u1ebfu c\u00f3)<br><strong>Cam k\u1ebft:<\/strong> Ch\u00fang t\u00f4i KH\u00d4NG chia s\u1ebb hay b\u00e1n th\u00f4ng tin c\u00e1 nh\u00e2n c\u1ee7a b\u1ea1n cho b\u00ean th\u1ee9 ba v\u00ec m\u1ee5c \u0111\u00edch th\u01b0\u01a1ng m\u1ea1i.<\/div>\n\n\n\n<div class=\"gsbp-359d19e\"><strong>3. Cookies l\u00e0 g\u00ec? Anamore d\u00f9ng th\u1ebf n\u00e0o?<\/strong><br>Website c\u1ee7a Anamore s\u1eed d\u1ee5ng cookies \u0111\u1ec3:<br>\ud83c\udf43 C\u1ea3i thi\u1ec7n t\u1ed1c \u0111\u1ed9 t\u1ea3i trang<br>\ud83c\udf43 Ghi nh\u1edb tr\u1ea3i nghi\u1ec7m truy c\u1eadp<br>\ud83c\udf43 Ph\u00e2n t\u00edch h\u00e0nh vi \u0111\u1ec3 \u0111\u1ec1 xu\u1ea5t n\u1ed9i dung ph\u00f9 h\u1ee3p<br>B\u1ea1n c\u00f3 th\u1ec3 t\u1eaft cookies b\u1ea5t k\u1ef3 l\u00fac n\u00e0o trong c\u00e0i \u0111\u1eb7t tr\u00ecnh duy\u1ec7t. Tuy nhi\u00ean, m\u1ed9t s\u1ed1 t\u00ednh n\u0103ng c\u00f3 th\u1ec3 b\u1ecb h\u1ea1n ch\u1ebf.<\/div>\n\n\n\n<div class=\"gsbp-1862a0b\"><strong>4. B\u1ea3o m\u1eadt &amp; l\u01b0u tr\u1eef th\u00f4ng tin<\/strong><br>Ch\u00fang t\u00f4i s\u1eed d\u1ee5ng c\u00e1c ph\u01b0\u01a1ng ph\u00e1p b\u1ea3o m\u1eadt hi\u1ec7n \u0111\u1ea1i:<br>\ud83d\udd12 M\u00e3 h\u00f3a SSL cho to\u00e0n b\u1ed9 h\u1ec7 th\u1ed1ng<br>\ud83d\udd12 L\u01b0u tr\u1eef d\u1eef li\u1ec7u t\u1ea1i m\u00e1y ch\u1ee7 an to\u00e0n<br>\ud83d\udd12 Qu\u1ea3n l\u00fd quy\u1ec1n truy c\u1eadp nghi\u00eam ng\u1eb7t<br>D\u00f9 v\u1eady, kh\u00f4ng c\u00f3 h\u1ec7 th\u1ed1ng n\u00e0o \u0111\u1ea3m b\u1ea3o an to\u00e0n tuy\u1ec7t \u0111\u1ed1i. B\u1ea1n c\u0169ng n\u00ean b\u1ea3o v\u1ec7 t\u00e0i kho\u1ea3n v\u00e0 thi\u1ebft b\u1ecb c\u00e1 nh\u00e2n khi s\u1eed d\u1ee5ng d\u1ecbch v\u1ee5 tr\u1ef1c tuy\u1ebfn.<\/div>\n\n\n\n<div class=\"gsbp-ecbceae\"><strong>5. Quy\u1ec1n l\u1ee3i c\u1ee7a b\u1ea1n<\/strong><br>B\u1ea1n c\u00f3 th\u1ec3:<br>\ud83d\udce9 Y\u00eau c\u1ea7u truy c\u1eadp ho\u1eb7c ch\u1ec9nh s\u1eeda th\u00f4ng tin c\u00e1 nh\u00e2n<br>\ud83d\udce9 Y\u00eau c\u1ea7u x\u00f3a ho\u1eb7c ng\u1eebng s\u1eed d\u1ee5ng d\u1eef li\u1ec7u<br>\ud83d\udce9 T\u1eeb ch\u1ed1i nh\u1eadn th\u00f4ng tin khuy\u1ebfn m\u00e3i b\u1ea5t k\u1ef3 l\u00fac n\u00e0o<br>\ud83d\udce9 R\u00fat l\u1ea1i s\u1ef1 \u0111\u1ed3ng \u00fd \u0111\u00e3 c\u1ea5p<br>\ud83d\udcec Li\u00ean h\u1ec7: <strong><a>admin@anamore.vn<\/a><\/strong> \u0111\u1ec3 th\u1ef1c hi\u1ec7n quy\u1ec1n c\u1ee7a b\u1ea1n.<\/div>\n\n\n\n<div class=\"gsbp-12ca215\"><strong>6. B\u00ean th\u1ee9 ba &amp; \u0111\u1ed1i t\u00e1c<\/strong><br>M\u1ed9t s\u1ed1 d\u1ecbch v\u1ee5 nh\u01b0 thanh to\u00e1n, g\u1eedi SMS ho\u1eb7c email marketing c\u00f3 th\u1ec3 \u0111\u01b0\u1ee3c th\u1ef1c hi\u1ec7n b\u1edfi c\u00e1c b\u00ean th\u1ee9 ba. Nh\u1eefng \u0111\u1ed1i t\u00e1c n\u00e0y \u0111\u01b0\u1ee3c l\u1ef1a ch\u1ecdn k\u1ef9 c\u00e0ng v\u00e0 <strong>cam k\u1ebft b\u1ea3o m\u1eadt th\u00f4ng tin kh\u00e1ch h\u00e0ng<\/strong> gi\u1ed1ng nh\u01b0 ch\u00fang t\u00f4i.<\/div>\n\n\n\n<div class=\"gsbp-384db60\"><strong>7. C\u1eadp nh\u1eadt ch\u00ednh s\u00e1ch<\/strong><br>Ch\u00ednh s\u00e1ch b\u1ea3o m\u1eadt c\u00f3 th\u1ec3 thay \u0111\u1ed5i \u0111\u1ec3 ph\u00f9 h\u1ee3p v\u1edbi quy \u0111\u1ecbnh ph\u00e1p lu\u1eadt v\u00e0 d\u1ecbch v\u1ee5 m\u1edbi. N\u1ebfu c\u00f3 c\u1eadp nh\u1eadt quan tr\u1ecdng, ch\u00fang t\u00f4i s\u1ebd th\u00f4ng b\u00e1o tr\u00ean website ho\u1eb7c tr\u1ef1c ti\u1ebfp qua email.<\/div>\n\n\n\n<div class=\"gsbp-8a2179a\"><strong>8. Li\u00ean h\u1ec7 v\u1edbi Anamore<\/strong><br>N\u1ebfu b\u1ea1n c\u00f3 b\u1ea5t k\u1ef3 th\u1eafc m\u1eafc n\u00e0o v\u1ec1 quy\u1ec1n ri\u00eang t\u01b0, \u0111\u1eebng ng\u1ea1i li\u00ean h\u1ec7:<br>\ud83d\udce7 <strong>Email:<\/strong> <a href=\"email:admin@anamore.vn\">admin@anamore.vn<br><\/a>\ud83d\udcde <strong>Hotline:<\/strong> <a href=\"tel: 0856 039 768\">0826 887 088<\/a><br>\ud83d\udccd <strong>\u0110\u1ecba ch\u1ec9:<\/strong> 781\/D10 L\u00ea H\u1ed3ng Phong, P.12, Q.10, TP.HCM<\/div>\n\n\n\n<div class=\"gsbp-6431cf8\"><strong>Anamore Spa &amp; Soul<\/strong><br><em>T\u00f4n vinh v\u1ebb \u0111\u1eb9p \u2013 B\u1ea3o v\u1ec7 s\u1ef1 tin t\u01b0\u1edfng.<\/em><\/div>\n<\/div>\n<\/section>\n\n\n\n<p><\/p>","protected":false},"excerpt":{"rendered":"","protected":false},"author":1,"featured_media":0,"parent":0,"menu_order":0,"comment_status":"closed","ping_status":"open","template":"","meta":{"_acf_changed":false,"_gspb_post_css":".gsbp-599b9e3,.gsbp-ac6fe57{display:flex;flex-direction:column}.gsbp-ac6fe57{justify-content:center;align-items:center;padding-right:var(--wp--custom--spacing--side, min(3vw, 20px));padding-left:var(--wp--custom--spacing--side, min(3vw, 20px));margin-top:0;margin-bottom:0;position:relative}.gsbp-599b9e3{max-width:100%;width:var(--wp--style--global--wide-size, 1200px);column-gap:1em;row-gap:1em}.gsbp-12ca215,.gsbp-1862a0b,.gsbp-1f62ffa,.gsbp-359d19e,.gsbp-384db60,.gsbp-5f6ee83,.gsbp-8a2179a,.gsbp-ba1da16,.gsbp-ecbceae{font-size:var(--wp--preset--font-size--r, 1.2rem);line-height:var(--wp--custom--line-height--r, 1.9rem)}.gsbp-6431cf8{text-align:center;color:var(--wp--preset--color--primary, #01706e);font-size:var(--wp--preset--font-size--m, 1.35rem);line-height:var(--wp--custom--line-height--m, 2.1rem);font-family:PlayfairDisplay}","footnotes":""},"class_list":["post-3","page","type-page","status-publish","hentry"],"acf":[],"_links":{"self":[{"href":"https:\/\/anamorespa.com\/en\/wp-json\/wp\/v2\/pages\/3","targetHints":{"allow":["GET"]}}],"collection":[{"href":"https:\/\/anamorespa.com\/en\/wp-json\/wp\/v2\/pages"}],"about":[{"href":"https:\/\/anamorespa.com\/en\/wp-json\/wp\/v2\/types\/page"}],"author":[{"embeddable":true,"href":"https:\/\/anamorespa.com\/en\/wp-json\/wp\/v2\/users\/1"}],"replies":[{"embeddable":true,"href":"https:\/\/anamorespa.com\/en\/wp-json\/wp\/v2\/comments?post=3"}],"version-history":[{"count":1,"href":"https:\/\/anamorespa.com\/en\/wp-json\/wp\/v2\/pages\/3\/revisions"}],"predecessor-version":[{"id":12454,"href":"https:\/\/anamorespa.com\/en\/wp-json\/wp\/v2\/pages\/3\/revisions\/12454"}],"wp:attachment":[{"href":"https:\/\/anamorespa.com\/en\/wp-json\/wp\/v2\/media?parent=3"}],"curies":[{"name":"wp","href":"https:\/\/api.w.org\/{rel}","templated":true}]}}